{"id":78,"date":"2017-08-05T17:06:56","date_gmt":"2017-08-05T15:06:56","guid":{"rendered":"http:\/\/philippe-gaberan.com\/?page_id=78"},"modified":"2017-08-05T17:46:41","modified_gmt":"2017-08-05T15:46:41","slug":"educateur-specialise-1977-a-2000","status":"publish","type":"page","link":"https:\/\/philippe-gaberan.com\/index.php\/parcours\/educateur-specialise-1977-a-2000\/","title":{"rendered":"Educateur sp\u00e9cialis\u00e9 (1977 \u00e0 2000)"},"content":{"rendered":"<h1>Educateur sp\u00e9cialis\u00e9 de\u00a0<strong>Septembre 1977 \u00e0 Juillet 2000<\/strong><\/h1>\n<p>En septembre 1977, apr\u00e8s avoir effectu\u00e9 des remplacements et encadr\u00e9 des camps d&rsquo;\u00e9t\u00e9, je d\u00e9bute \u00e0 vingt ans une activit\u00e9 d&rsquo;\u00e9ducateur \u00e0 plein temps au sein de l\u2019Association <a href=\"http:\/\/www.couzonaumontdor.fr\/L-Oeuvre-de-Saint-Leonard.html\" target=\"_blank\" rel=\"noopener\">Oeuvre Saint L\u00e9onard<\/a>, \u00e0 Couzon au Mt D\u2019Or (Rh\u00f4ne). D&rsquo;abord structure d&rsquo;accueil pour des sortants de prison, dans le courant des ann\u00e9es 60 et alors que la tendance est \u00e0 la fermeture des lits d&rsquo;h\u00f4pitaux psychiatriques, \u00a0l&rsquo;institution r\u00e9oriente son activit\u00e9 pour devenir structure d&rsquo;accueil pour des personnes adultes d\u00e9ficientes intellectuelles ou souffrant de maladies psychiques. C&rsquo;est pour moi le temps des premi\u00e8res rencontres avec la folie et les parcours de vie de r\u00e9sidants ayant subi les traitements d&rsquo;alors, lobotomie et \u00e9clectro-chocs, avant que ne se g\u00e9n\u00e9ralise l&rsquo;usage des neuroleptiques. Le vivre avec ces personnes au quotidien vient percuter mes interrogations sur le sens de l&rsquo;existence, la confrontation avec la norme et la diff\u00e9rence. Je m&rsquo;inscris \u00e0 la facult\u00e9 de philosophie Jean Moulin \u00e0 Lyon, suit les enseignements de <a href=\"https:\/\/www.youtube.com\/watch?v=lbhkLuHvH8k\">Fran\u00e7ois Dagognet<\/a>, de Fran\u00e7ois Chirpaz, de Pierre Cariou. Michel Foucault et aussi Georges Canguilhem sont des auteurs qui ne me quittent plus; alors que, par ailleurs, je passe des nuits \u00e0 travailler sur les auteurs classiques de Aristote \u00e0 Descartes.<\/p>\n<p>Le foyer Saint L\u00e9onard, \u00a0adoss\u00e9 \u00e0 un Centre d&rsquo;Aide par le Travail, fonctionne sur le mod\u00e8le de l&rsquo;internat. Affect\u00e9 \u00e0 l&rsquo;un des groupes de vie, en plus de toutes les activit\u00e9s en lien avec la vie quotidienne (levers, repas, toilettes et animations des soir\u00e9es), j&rsquo;oriente rapidement mon temps de travail en journ\u00e9e vers le d\u00e9veloppement des activit\u00e9s physiques et sportives au sein de la toute jeune <a href=\"http:\/\/www.ffsa.asso.fr\/\">F\u00e9d\u00e9ration Fran\u00e7aise de Sport Adapt\u00e9<\/a>. \u00a0Sous l&rsquo;impulsion de Ghislaine Cantat et de Fabienne Armand ainsi que d&rsquo;un tout petit groupes de coll\u00e8gues b\u00e9n\u00e9voles, je participe \u00e0 la cr\u00e9ation du comit\u00e9 r\u00e9gional Rh\u00f4ne-Alpes, au d\u00e9veloppement de la pratique du sport adapt\u00e9 en dedans et en dehors des institutions par le biais des comp\u00e9titions r\u00e9gionales et\/ou nationales. D\u00e8s lors le rapport au corps par le biais des activit\u00e9s de m\u00e9diation que sont les activit\u00e9s physiques et sportives ne cessera de prendre une part importante dans ma r\u00e9flexion sur la relation d&rsquo;aide \u00e9ducative et de soin.<\/p>\n<p><img loading=\"lazy\" decoding=\"async\" class=\"alignnone wp-image-91\" src=\"http:\/\/philippe-gaberan.com\/wp-content\/uploads\/2017\/08\/francois-chirpaz-300x300.jpg\" alt=\"\" width=\"138\" height=\"138\" srcset=\"https:\/\/philippe-gaberan.com\/wp-content\/uploads\/2017\/08\/francois-chirpaz-300x300.jpg 300w, https:\/\/philippe-gaberan.com\/wp-content\/uploads\/2017\/08\/francois-chirpaz-150x150.jpg 150w, https:\/\/philippe-gaberan.com\/wp-content\/uploads\/2017\/08\/francois-chirpaz-269x270.jpg 269w, https:\/\/philippe-gaberan.com\/wp-content\/uploads\/2017\/08\/francois-chirpaz.jpg 320w\" sizes=\"auto, (max-width: 138px) 100vw, 138px\" \/>A la facult\u00e9 de philosophie nous sommes un petit groupe d&rsquo;\u00e9tudiants et d&rsquo;amis qui travaillons sur le corps, les rites et les violences sous la houlette de Fran\u00e7ois Chirpaz. L&rsquo;anthropologie de Claude Levi-Strauss constitue le socle de nos recherches poussant nos investigations vers le cycle de Frazer, les travaux sur la transe, les mutilations rituelles, les violences mim\u00e9tiques. Ren\u00e9 Girard et ses travaux apparaissent d\u00e8s lors comme des points de rep\u00e8re incontournables. \u00a0Fran\u00e7ois Chirpaz publie <em>Les enjeux de la violence<\/em>. Par ailleurs, dans un registre diff\u00e9rent mais cependant compl\u00e9mentaire dans le souci qui m&rsquo;anime de mieux comprendre les ressorts de la relation \u00e9ducative, Fran\u00e7ois Dagognet me fait d\u00e9couvrir au d\u00e9tour d&rsquo;une r\u00e9flexion les travaux de Condillac qui d\u00e8s l&rsquo;instant ne quittera plus mes propres recherches.<\/p>\n<p>Durant les ann\u00e9es 70 \u00e0 80, l&rsquo;Oeuvre Saint L\u00e9onard surfe sur l&rsquo;\u00e9lan politique et social donn\u00e9 au d\u00e9veloppement des institutions sp\u00e9cialis\u00e9es et diversifie ses structures d&rsquo;accueil. Implant\u00e9 sur Villefranche-sur-Sa\u00f4ne, par le biais d&rsquo;appartements int\u00e9gr\u00e9s \u00e0 la cit\u00e9, le Service d&rsquo;Accompagnement \u00e0 la Vie Sociale conna\u00eet un r\u00e9el essor. Je rejoins le coll\u00e8gue travaillant sur place avant que l&rsquo;\u00e9quipe ne s&rsquo;\u00e9toffe. Le premier choc p\u00e9trolier est d\u00e9j\u00e0 venu impact\u00e9 l&rsquo;\u00e9conomie mondiale et pourtant les lois du 30 juin 1975 portent en avant l&rsquo;int\u00e9gration sociale des personnes en situation de handicap. De jeunes adultes en difficult\u00e9 d&rsquo;insertion trouve encore un accueil possible en entreprises. Notre petite \u00e9quipe fait le lien avec les employeurs et les diff\u00e9rents partenaires nous accompagnant dans ce travail d&rsquo;insertion social. Nous mobilisons notre \u00e9nergie et notre savoir faire dans l&rsquo;accompagnement \u00e0 la vie quotidienne d&rsquo;un jeune couple. Une exp\u00e9rience professionnelle sans doute banale aujourd&rsquo;hui mais qui \u00e0 l&rsquo;\u00e9poque nous confronte \u00e0 de multiples interrogations.<\/p>\n<p><a href=\"http:\/\/philippe-gaberan.com\/index.php\/parcours\/formateur-2000-a-2010\/\">Lire la suite&#8230;<\/a><\/p>","protected":false},"excerpt":{"rendered":"<p>Educateur sp\u00e9cialis\u00e9 de\u00a0Septembre 1977 \u00e0 Juillet 2000 En septembre 1977, apr\u00e8s avoir effectu\u00e9 des remplacements et encadr\u00e9 des camps d&rsquo;\u00e9t\u00e9, je d\u00e9bute \u00e0 vingt ans une activit\u00e9 d&rsquo;\u00e9ducateur \u00e0 plein temps au sein de l\u2019Association Oeuvre Saint L\u00e9onard, \u00e0 Couzon au Mt D\u2019Or (Rh\u00f4ne). D&rsquo;abord structure d&rsquo;accueil pour des sortants de prison, dans le courant &hellip; <\/p>\n<p class=\"read-more\"><a class=\"readmore-btn\" href=\"https:\/\/philippe-gaberan.com\/index.php\/parcours\/educateur-specialise-1977-a-2000\/\">+<span class=\"screen-reader-text\">  Read More<\/span><\/a><\/p>\n","protected":false},"author":1,"featured_media":0,"parent":8,"menu_order":0,"comment_status":"closed","ping_status":"closed","template":"","meta":{"footnotes":""},"class_list":["post-78","page","type-page","status-publish","hentry"],"_links":{"self":[{"href":"https:\/\/philippe-gaberan.com\/index.php\/wp-json\/wp\/v2\/pages\/78","targetHints":{"allow":["GET"]}}],"collection":[{"href":"https:\/\/philippe-gaberan.com\/index.php\/wp-json\/wp\/v2\/pages"}],"about":[{"href":"https:\/\/philippe-gaberan.com\/index.php\/wp-json\/wp\/v2\/types\/page"}],"author":[{"embeddable":true,"href":"https:\/\/philippe-gaberan.com\/index.php\/wp-json\/wp\/v2\/users\/1"}],"replies":[{"embeddable":true,"href":"https:\/\/philippe-gaberan.com\/index.php\/wp-json\/wp\/v2\/comments?post=78"}],"version-history":[{"count":8,"href":"https:\/\/philippe-gaberan.com\/index.php\/wp-json\/wp\/v2\/pages\/78\/revisions"}],"predecessor-version":[{"id":106,"href":"https:\/\/philippe-gaberan.com\/index.php\/wp-json\/wp\/v2\/pages\/78\/revisions\/106"}],"up":[{"embeddable":true,"href":"https:\/\/philippe-gaberan.com\/index.php\/wp-json\/wp\/v2\/pages\/8"}],"wp:attachment":[{"href":"https:\/\/philippe-gaberan.com\/index.php\/wp-json\/wp\/v2\/media?parent=78"}],"curies":[{"name":"wp","href":"https:\/\/api.w.org\/{rel}","templated":true}]}}