{"id":8,"date":"2017-08-04T14:21:15","date_gmt":"2017-08-04T12:21:15","guid":{"rendered":"http:\/\/philippe-gaberan.com\/?page_id=8"},"modified":"2017-08-05T17:24:43","modified_gmt":"2017-08-05T15:24:43","slug":"parcours","status":"publish","type":"page","link":"https:\/\/philippe-gaberan.com\/index.php\/parcours\/","title":{"rendered":"Parcours"},"content":{"rendered":"<p><a href=\"http:\/\/philippe-gaberan.com\/index.php\/parcours\/educateur-specialise-1977-a-2000\/\">Educateur sp\u00e9cialis\u00e9 (1977 \u00e0 2000)<\/a><\/p>\n<p><a href=\"http:\/\/philippe-gaberan.com\/index.php\/parcours\/formateur-2000-a-2010\/\">Formateur (2000 \u00e0 2010)<\/a><\/p>\n<p><a href=\"http:\/\/philippe-gaberan.com\/index.php\/parcours\/directeur-2010-a-2017\/\">Directeur (2010 \u00e0 2017)<\/a><\/p>","protected":false},"excerpt":{"rendered":"<p>Educateur sp\u00e9cialis\u00e9 (1977 \u00e0 2000) Formateur (2000 \u00e0 2010) Directeur (2010 \u00e0 2017)<\/p>\n","protected":false},"author":1,"featured_media":0,"parent":0,"menu_order":0,"comment_status":"closed","ping_status":"closed","template":"","meta":{"footnotes":""},"class_list":["post-8","page","type-page","status-publish","hentry"],"_links":{"self":[{"href":"https:\/\/philippe-gaberan.com\/index.php\/wp-json\/wp\/v2\/pages\/8","targetHints":{"allow":["GET"]}}],"collection":[{"href":"https:\/\/philippe-gaberan.com\/index.php\/wp-json\/wp\/v2\/pages"}],"about":[{"href":"https:\/\/philippe-gaberan.com\/index.php\/wp-json\/wp\/v2\/types\/page"}],"author":[{"embeddable":true,"href":"https:\/\/philippe-gaberan.com\/index.php\/wp-json\/wp\/v2\/users\/1"}],"replies":[{"embeddable":true,"href":"https:\/\/philippe-gaberan.com\/index.php\/wp-json\/wp\/v2\/comments?post=8"}],"version-history":[{"count":6,"href":"https:\/\/philippe-gaberan.com\/index.php\/wp-json\/wp\/v2\/pages\/8\/revisions"}],"predecessor-version":[{"id":99,"href":"https:\/\/philippe-gaberan.com\/index.php\/wp-json\/wp\/v2\/pages\/8\/revisions\/99"}],"wp:attachment":[{"href":"https:\/\/philippe-gaberan.com\/index.php\/wp-json\/wp\/v2\/media?parent=8"}],"curies":[{"name":"wp","href":"https:\/\/api.w.org\/{rel}","templated":true}]}}